{"id":5231,"date":"2016-07-10T21:11:12","date_gmt":"2016-07-10T21:11:12","guid":{"rendered":"http:\/\/www.ozermetal.com\/en\/?page_id=5231"},"modified":"2026-04-17T06:57:29","modified_gmt":"2026-04-17T06:57:29","slug":"company-authorized","status":"publish","type":"page","link":"https:\/\/www.ozermetal.com\/en\/company-authorized\/","title":{"rendered":"Company Authorized"},"content":{"rendered":"<p>[vc_row][vc_column][vc_empty_space height=&#8221;40px&#8221;][\/vc_column][\/vc_row][vc_row css=&#8221;.vc_custom_1468184041525{padding-top: 21px !important;padding-left: 10px !important;}&#8221;][vc_column][vc_column_text]<\/p>\n<table class=\"dcf-table dcf-table-responsive dcf-table-bordered dcf-table-striped dcf-w-100%\" border=\"1\">\n<tbody>\n<tr>\n<th scope=\"row\">Mustafa \u00d6ZKAZAN\u00c7<\/th>\n<td class=\"dcf-txt-center\" scope=\"col\">Chairman of the Board<\/td>\n<td class=\"dcf-txt-center\" scope=\"col\">mustafa@ozermetal.com<\/td>\n<\/tr>\n<tr>\n<th scope=\"row\">Melih \u00d6ZKAZAN\u00c7<\/th>\n<td class=\"dcf-txt-center\" data-label=\"Chairman of the Board\">Vice Chairman of the Board<\/td>\n<td class=\"dcf-txt-center\" data-label=\"mustafa@ozermetal.com\">melih@ozermetal.com<\/td>\n<\/tr>\n<tr>\n<th scope=\"row\">\u0130zzet T\u00dcRK<\/th>\n<td class=\"dcf-txt-center\" data-label=\"Chairman of the Board\">General Manager<\/td>\n<td class=\"dcf-txt-center\" data-label=\"mustafa@ozermetal.com\">izzet@ozermetal.com<\/td>\n<\/tr>\n<tr>\n<th scope=\"row\">Murat KAYA<\/th>\n<td class=\"dcf-txt-center\" data-label=\"Chairman of the Board\">Deputy General Manager and Statutory Manager<\/td>\n<td class=\"dcf-txt-center\" data-label=\"mustafa@ozermetal.com\">murat.kaya@ozermetal.com<\/td>\n<\/tr>\n<tr>\n<th scope=\"row\">Alp BA\u015eT\u00dcRK<\/th>\n<td class=\"dcf-txt-center\" data-label=\"Chairman of the Board\">Quality Assurance Manager<\/td>\n<td class=\"dcf-txt-center\" data-label=\"mustafa@ozermetal.com\">alp@ozermetal.com<\/td>\n<\/tr>\n<tr>\n<th scope=\"row\">\u00c7i\u00e7ek AKY\u00d6R\u00dcK<\/th>\n<td class=\"dcf-txt-center\" data-label=\"Chairman of the Board\">Foreign Trade Manager<\/td>\n<td class=\"dcf-txt-center\" data-label=\"mustafa@ozermetal.com\">cicek@ozermetal.com<\/td>\n<\/tr>\n<tr>\n<th scope=\"row\">Murat \u0130NAN<\/th>\n<td class=\"dcf-txt-center\" data-label=\"Chairman of the Board\">Sales &amp; Marketing Manager<\/td>\n<td class=\"dcf-txt-center\" data-label=\"mustafa@ozermetal.com\">murat.inan@ozermetal.com<\/td>\n<\/tr>\n<tr>\n<th scope=\"row\">Ya\u015far DEM\u0130R<\/th>\n<td class=\"dcf-txt-center\" data-label=\"Chairman of the Board\">Purchasing and HR Manager<\/td>\n<td class=\"dcf-txt-center\" data-label=\"mustafa@ozermetal.com\">yasar@ozermetal.com<\/td>\n<\/tr>\n<\/tbody>\n<\/table>\n<p>[\/vc_column_text][\/vc_column][\/vc_row][vc_row][vc_column][vc_empty_space height=&#8221;65px&#8221;][\/vc_column][\/vc_row][vc_row css=&#8221;.vc_custom_1468183771775{background-color: #092c74 !important;}&#8221;][vc_column][vc_raw_html]JTNDZGl2JTIwaWQlM0QlMjJmb290ZXIlMjIlMjBjbGFzcyUzRCUyMmZvb3Rlci0zJTIyJTNFJTBBJTIwJTIwJTIwJTIwJTIwJTIwJTIwJTIwJTIwJTIwJTIwJTIwJTNDZGl2JTIwY2xhc3MlM0QlMjJjb250YWluZXIlMjIlM0UlMEElMjAlMjAlMjAlMjAlMjAlMjAlMjAlMjAlMjAlMjAlMjAlMjAlMEElMjAlMjAlMjAlMjAlMjAlMjAlMjAlMjAlMjAlMjAlMjAlMjAlMjAlMjAlMjAlMjAlMjAlMjAlMjAlMjAlMjAlMjAlMjAlMjAlMjAlMjAlMjAlMjAlM0NkaXYlMjBjbGFzcyUzRCUyMnJvdyUyMiUzRSUwQSUyMCUyMCUyMCUyMCUyMCUyMCUyMCUyMCUyMCUyMCUyMCUyMCUyMCUyMCUyMCUyMCUyMCUyMCUyMCUyMCUyMCUyMCUyMCUyMCUyMCUyMCUyMCUyMCUyMCUyMCUyMCUyMCUyMCUyMCUyMCUyMCUyMCUyMCUyMCUyMCUyMCUyMCUyMCUyMCUyMCUyMCUyMCUyMCUzQ2RpdiUyMGNsYXNzJTNEJTIyY29sLXNtLTEyJTIyJTNFJTBBJTIwJTIwJTIwJTIwJTIwJTIwJTIwJTIwJTIwJTIwJTIwJTIwJTIwJTIwJTIwJTIwJTIwJTIwJTIwJTIwJTIwJTIwJTIwJTIwJTIwJTIwJTIwJTIwJTIwJTIwJTIwJTIwJTNDYXNpZGUlMjBpZCUzRCUyMmNvbnRhY3QtaW5mby13aWRnZXQtMyUyMiUyMGNsYXNzJTNEJTIyd2lkZ2V0JTIwY29udGFjdC1pbmZvJTIyJTNFJTNDaDMlMjBjbGFzcyUzRCUyMndpZGdldC10aXRsZSUyMiUzRUNvbnRhY3QlMjBJbmZvcm1hdGlvbiUzQyUyRmgzJTNFJTIwJTIwJTIwJTIwJTIwJTIwJTIwJTIwJTNDZGl2JTIwY2xhc3MlM0QlMjJjb250YWN0LWluZm8lMjIlM0UlMEElMjAlMjAlMjAlMjAlMjAlMjAlMjAlMjAlMjAlMjAlMjAlMjAlMjAlMjAlMjAlMjAlMjAlMjAlMjAlMjAlMjAlMjAlMjAlMjAlM0N1bCUyMGNsYXNzJTNEJTIyY29udGFjdC1kZXRhaWxzJTIyJTNFJTBBJTIwJTIwJTIwJTIwJTIwJTIwJTIwJTIwJTIwJTIwJTIwJTIwJTIwJTIwJTIwJTIwJTNDbGklM0UlM0NpJTIwY2xhc3MlM0QlMjJmYSUyMGZhLW1hcC1tYXJrZXIlMjIlM0UlM0MlMkZpJTNFJTIwJTNDc3Ryb25nJTNFQWRkcmVzcyUzQSUzQyUyRnN0cm9uZyUzRSUyMCUzQ3NwYW4lM0VWZWxpayVDMyVCNnklMjBPcmdhbml6ZSUyMFNhbmF5aSUyMEIlQzMlQjZsZ2VzaS1TYW5heWklMjBCdWx2YXIlQzQlQjElMjBObyUzQTI3JTJGQSUyMCUyMDU5NTAwJTIwJTIwJUMzJTg3ZXJrZXprJUMzJUI2eSUyMCUyRiUyMFRla2lyZGElQzQlOUYlMjAlMkYlMjBUJUMzJUJDcmtpeWUlM0MlMkZzcGFuJTNFJTNDJTJGbGklM0UlMjAlMjAlMjAlMjAlMjAlMjAlMjAlMjAlMjAlMjAlMjAlMjAlMjAlMjAlMjAlMjAlM0NsaSUzRSUzQ2klMjBjbGFzcyUzRCUyMmZhJTIwZmEtcGhvbmUlMjIlM0UlM0MlMkZpJTNFJTIwJTNDc3Ryb25nJTNFVGVsJTNBJTNDJTJGc3Ryb25nJTNFJTIwJTNDc3BhbiUzRSUyQjkwJTIwMjgyJTIwNzQ2JTIwMTElMjAyMiUyMCUyOHBieCUyOSUzQyUyRnNwYW4lM0UlM0MlMkZsaSUzRSUyMCUyMCUyMCUyMCUyMCUyMCUyMCUyMCUyMCUyMCUyMCUyMCUyMCUyMCUyMCUyMCUzQ2xpJTNFJTNDaSUyMGNsYXNzJTNEJTIyZmElMjBmYS1lbnZlbG9wZSUyMiUzRSUzQyUyRmklM0UlMjAlM0NzdHJvbmclM0VFLU1haWwlM0ElM0MlMkZzdHJvbmclM0UlMjAlM0NzcGFuJTNFJTNDYSUyMGhyZWYlM0QlMjJtYWlsdG8lM0FleHBvcnQlNDBvemVybWV0YWwuY29tJTIyJTNFZXhwb3J0JTQwb3plcm1ldGFsLmNvbSUzQyUyRmElM0UlM0MlMkZzcGFuJTNFJTNDJTJGbGklM0UlMjAlMjAlMjAlMjAlMjAlMjAlMjAlMjAlMjAlMjAlMjAlMjAlMjAlMjAlMjAlMjAlMjAlMjAlMjAlMjAlMjAlMjAlMjAlMjAlMjAlMjAlMjAlMjAlM0MlMkZ1bCUzRSUwQSUyMCUyMCUyMCUyMCUyMCUyMCUyMCUyMCUyMCUyMCUyMCUyMCUyMCUyMCUyMCUyMCUyMCUyMCUyMCUyMCUzQyUyRmRpdiUzRSUwQSUwQSUyMCUyMCUyMCUyMCUyMCUyMCUyMCUyMCUzQyUyRmFzaWRlJTNFJTIwJTIwJTIwJTIwJTIwJTIwJTIwJTIwJTIwJTIwJTIwJTIwJTIwJTIwJTIwJTIwJTIwJTIwJTIwJTIwJTIwJTIwJTIwJTIwJTIwJTIwJTIwJTIwJTNDJTJGZGl2JTNFJTBBJTIwJTIwJTIwJTIwJTIwJTIwJTIwJTIwJTIwJTIwJTIwJTIwJTIwJTIwJTIwJTIwJTIwJTIwJTIwJTIwJTIwJTIwJTIwJTIwJTIwJTIwJTIwJTIwJTIwJTIwJTIwJTIwJTIwJTIwJTIwJTIwJTIwJTIwJTIwJTIwJTNDJTJGZGl2JTNFJTBBJTIwJTIwJTIwJTIwJTIwJTIwJTIwJTIwJTIwJTIwJTIwJTIwJTBBJTIwJTIwJTIwJTIwJTIwJTIwJTIwJTIwJTIwJTIwJTIwJTIwJTBBJTIwJTIwJTIwJTIwJTIwJTIwJTIwJTIwJTNDJTJGZGl2JTNFJTBBJTIwJTIwJTIwJTIwJTBBJTIwJTIwJTIwJTIwJTIwJTIwJTIwJTIwJTNDZGl2JTIwY2xhc3MlM0QlMjJmb290ZXItYm90dG9tJTIyJTNFJTBBJTIwJTIwJTIwJTIwJTIwJTIwJTIwJTIwJTNDZGl2JTIwY2xhc3MlM0QlMjJjb250YWluZXIlMjIlM0UlMEElMjAlMjAlMjAlMjAlMjAlMjAlMjAlMjAlMjAlMjAlMjAlMjAlM0NkaXYlMjBjbGFzcyUzRCUyMmZvb3Rlci1sZWZ0JTIyJTNFJTBBJTIwJTIwJTIwJTIwJTIwJTIwJTIwJTIwJTIwJTIwJTIwJTIwJTIwJTIwJTIwJTIwJTIwJTIwJTIwJTIwJTIwJTIwJTIwJTIwJTIwJTIwJTIwJTIwJTIwJTIwJTIwJTIwJTIwJTIwJTIwJTIwJTNDc3BhbiUyMGNsYXNzJTNEJTIybG9nbyUyMiUzRSUwQSUyMCUyMCUyMCUyMCUyMCUyMCUyMCUyMCUyMCUyMCUyMCUyMCUyMCUyMCUyMCUyMCUyMCUyMCUyMCUyMCUyMCUyMCUyMCUyMCUzQ2ElMjBocmVmJTNEJTIyaHR0cCUzQSUyRiUyRnd3dy5vemVybWV0YWwuY29tJTJGJTIyJTIwdGl0bGUlM0QlMjIlQzMlOTZ6ZXIlMjBNZXRhbCUyMC0lMjBZb3VyJTIwUGFydG5lciUyMFRvJTIwVGhlJTIwRnV0dXJlJTIyJTIwcmVsJTNEJTIyaG9tZSUyMiUzRSUwQSUyMCUyMCUyMCUyMCUyMCUyMCUyMCUyMCUyMCUyMCUyMCUyMCUyMCUyMCUyMCUyMCUyMCUyMCUyMCUyMCUyMCUyMCUyMCUyMCUyMCUyMCUyMCUyMCUzQ2ltZyUyMGNsYXNzJTNEJTIyaW1nLXJlc3BvbnNpdmUlMjIlMjBzcmMlM0QlMjIlMkYlMkZ3d3cub3plcm1ldGFsLmNvbSUyRndwLWNvbnRlbnQlMkZ1cGxvYWRzJTJGMjAxNiUyRjA0JTJGYWx0LWxvZ28ucG5nJTIyJTIwYWx0JTNEJTIyJUMzJTk2emVyJTIwTWV0YWwlMjIlM0UlMjAlMjAlMjAlMjAlMjAlMjAlMjAlMjAlMjAlMjAlMjAlMjAlMjAlMjAlMjAlMjAlMjAlMjAlMjAlMjAlMjAlMjAlMjAlMjAlM0MlMkZhJTNFJTBBJTIwJTIwJTIwJTIwJTIwJTIwJTIwJTIwJTIwJTIwJTIwJTIwJTIwJTIwJTIwJTIwJTIwJTIwJTIwJTIwJTNDJTJGc3BhbiUzRSUwQSUyMCUyMCUyMCUyMCUyMCUyMCUyMCUyMCUyMCUyMCUyMCUyMCUyMCUyMCUyMCUyMCUyMCUyMCUyMCUyMCUyMCUyMCUyMCUyMCUyMCUyMCUyMCUyMCUyMCUyMCUyMCUyMCVDMiVBOSUyMENvcHlyaWdodCUyMDIwMTYlMjAlQzMlOTZ6ZXIlMjBNZXRhbCUyMFNhbmF5aSUyMEEuJUM1JTlFLiUyMCUzQ3N0cm9uZyUzRVdlYiUyMERlc2lnbiUyMCUzQSUzQyUyRnN0cm9uZyUzRSUyMCUzQ2ElMjBocmVmJTNEJTIyaHR0cHMlM0ElMkYlMkZ3d3cuaG9zdGJhbmthc2kuY29tJTIyJTIwdGFyZ2V0JTNEJTIyX2JsYW5rJTIyJTNFSG9zdCUyMEJhbmthcyVDNCVCMSUzQyUyRmElM0UlMjAlMjAlMjAlMjAlMjAlMjAlMjAlMjAlMjAlMjAlMjAlMjAlM0MlMkZkaXYlM0UlMEElMEElMjAlMjAlMjAlMjAlMjAlMjAlMjAlMjAlMjAlMjAlMjAlMjAlMEElMjAlMjAlMjAlMjAlMjAlMjAlMjAlMjAlMjAlMjAlMjAlMjAlMjAlMjAlMjAlMjAlMjAlMjAlMjAlMjAlMjAlMjAlMjAlMjAlMjAlMjAlMjAlMjAlMjAlMjAlMjAlMjAlM0NkaXYlMjBjbGFzcyUzRCUyMmZvb3Rlci1yaWdodCUyMiUzRSUzQ2FzaWRlJTIwaWQlM0QlMjJmb2xsb3ctdXMtd2lkZ2V0LTMlMjIlMjBjbGFzcyUzRCUyMndpZGdldCUyMGZvbGxvdy11cyUyMiUzRSUyMCUyMCUyMCUyMCUyMCUyMCUyMCUyMCUzQ2RpdiUyMGNsYXNzJTNEJTIyc2hhcmUtbGlua3MlMjIlM0UlMEElMjAlMjAlMjAlMjAlMjAlMjAlMjAlMjAlMjAlMjAlMjAlMjAlMjAlMjAlMjAlMjAlMjAlMjAlMjAlMjAlMjAlMjAlMjAlMjAlM0NhJTIwaHJlZiUzRCUyMiUyMyUyMiUyMHRhcmdldCUzRCUyMl9ibGFuayUyMiUyMGRhdGEtdG9nZ2xlJTNEJTIydG9vbHRpcCUyMiUyMGRhdGEtcGxhY2VtZW50JTNEJTIyYm90dG9tJTIyJTIwdGl0bGUlM0QlMjIlMjIlMjBjbGFzcyUzRCUyMnNoYXJlLWZhY2Vib29rJTIyJTIwZGF0YS1vcmlnaW5hbC10aXRsZSUzRCUyMkZhY2Vib29rJTIyJTNFRmFjZWJvb2slM0MlMkZhJTNFJTNDYSUyMGhyZWYlM0QlMjIlMjMlMjIlMjB0YXJnZXQlM0QlMjJfYmxhbmslMjIlMjBkYXRhLXRvZ2dsZSUzRCUyMnRvb2x0aXAlMjIlMjBkYXRhLXBsYWNlbWVudCUzRCUyMmJvdHRvbSUyMiUyMHRpdGxlJTNEJTIyJTIyJTIwY2xhc3MlM0QlMjJzaGFyZS10d2l0dGVyJTIyJTIwZGF0YS1vcmlnaW5hbC10aXRsZSUzRCUyMlR3aXR0ZXIlMjIlM0VUd2l0dGVyJTNDJTJGYSUzRSUzQ2ElMjBocmVmJTNEJTIyJTIzJTIyJTIwdGFyZ2V0JTNEJTIyX2JsYW5rJTIyJTIwZGF0YS10b2dnbGUlM0QlMjJ0b29sdGlwJTIyJTIwZGF0YS1wbGFjZW1lbnQlM0QlMjJib3R0b20lMjIlMjB0aXRsZSUzRCUyMiUyMiUyMGNsYXNzJTNEJTIyc2hhcmUtbGlua2VkaW4lMjIlMjBkYXRhLW9yaWdpbmFsLXRpdGxlJTNEJTIyTGlua2VkaW4lMjIlM0VMaW5rZWRpbiUzQyUyRmElM0UlMjAlMjAlMjAlMjAlMjAlMjAlMjAlMjAlMjAlMjAlMjAlMjAlMjAlMjAlMjAlMjAlMjAlMjAlMjAlMjAlM0MlMkZkaXYlM0UlMEElMEElMjAlMjAlMjAlMjAlMjAlMjAlMjAlMjAlM0MlMkZhc2lkZSUzRSUzQyUyRmRpdiUzRSUwQSUyMCUyMCUyMCUyMCUyMCUyMCUyMCUyMCUyMCUyMCUyMCUyMCUyMCUyMCUyMCUyMCUyMCUyMCUyMCUyMCUyMCUyMCUyMCUyMCUzQyUyRmRpdiUzRSUwQSUyMCUyMCUyMCUyMCUzQyUyRmRpdiUzRSUwQSUyMCUyMCUyMCUyMCUzQyUyRmRpdiUzRQ==[\/vc_raw_html][\/vc_column][\/vc_row]<\/p>\n","protected":false},"excerpt":{"rendered":"<p>[vc_row][vc_column][vc_empty_space height=&#8221;40px&#8221;][\/vc_column][\/vc_row][vc_row css=&#8221;.vc_custom_1468184041525{padding-top: 21px !important;padding-left: 10px !important;}&#8221;][vc_column][vc_column_text] Mustafa \u00d6ZKAZAN\u00c7 Chairman of the Board mustafa@ozermetal.com Melih \u00d6ZKAZAN\u00c7 Vice Chairman of the Board melih@ozermetal.com \u0130zzet T\u00dcRK General Manager izzet@ozermetal.com Murat KAYA Deputy General Manager and Statutory Manager murat.kaya@ozermetal.com Alp BA\u015eT\u00dcRK Quality Assurance Manager alp@ozermetal.com \u00c7i\u00e7ek AKY\u00d6R\u00dcK Foreign Trade Manager cicek@ozermetal.com Murat \u0130NAN Sales &amp; Marketing Manager murat.inan@ozermetal.com [&hellip;]<\/p>\n","protected":false},"author":2,"featured_media":0,"parent":0,"menu_order":0,"comment_status":"closed","ping_status":"closed","template":"","meta":{"footnotes":""},"class_list":["post-5231","page","type-page","status-publish","hentry"],"_links":{"self":[{"href":"https:\/\/www.ozermetal.com\/en\/wp-json\/wp\/v2\/pages\/5231"}],"collection":[{"href":"https:\/\/www.ozermetal.com\/en\/wp-json\/wp\/v2\/pages"}],"about":[{"href":"https:\/\/www.ozermetal.com\/en\/wp-json\/wp\/v2\/types\/page"}],"author":[{"embeddable":true,"href":"https:\/\/www.ozermetal.com\/en\/wp-json\/wp\/v2\/users\/2"}],"replies":[{"embeddable":true,"href":"https:\/\/www.ozermetal.com\/en\/wp-json\/wp\/v2\/comments?post=5231"}],"version-history":[{"count":39,"href":"https:\/\/www.ozermetal.com\/en\/wp-json\/wp\/v2\/pages\/5231\/revisions"}],"predecessor-version":[{"id":7284,"href":"https:\/\/www.ozermetal.com\/en\/wp-json\/wp\/v2\/pages\/5231\/revisions\/7284"}],"wp:attachment":[{"href":"https:\/\/www.ozermetal.com\/en\/wp-json\/wp\/v2\/media?parent=5231"}],"curies":[{"name":"wp","href":"https:\/\/api.w.org\/{rel}","templated":true}]}}