{"id":5225,"date":"2016-07-10T20:47:52","date_gmt":"2016-07-10T20:47:52","guid":{"rendered":"http:\/\/www.ozermetal.com\/en\/?page_id=5225"},"modified":"2021-11-16T19:27:21","modified_gmt":"2021-11-16T19:27:21","slug":"corporate-information","status":"publish","type":"page","link":"https:\/\/www.ozermetal.com\/en\/corporate-information\/","title":{"rendered":"Corporate Information"},"content":{"rendered":"<p>[vc_row css=&#8221;.vc_custom_1468182111569{padding-top: 35px !important;padding-left: 10px !important;}&#8221;][vc_column][vc_column_text]<\/p>\n<table style=\"height: 100%;\" border=\"1\" width=\"100%\" cellspacing=\"2\" cellpadding=\"3\">\n<tbody>\n<tr bgcolor=\"#ffffff\">\n<td class=\"icerik1koyu\" width=\"auto\" height=\"auto\">Company Name<\/td>\n<td class=\"icerik1\" width=\"auto\" height=\"auto\">\u00d6zer Metal Sanayi A.\u015e<\/td>\n<\/tr>\n<tr bgcolor=\"#ffffff\">\n<td class=\"icerik1koyu\" bgcolor=\"#ffffff\" width=\"auto\" height=\"auto\">Trade Registry Office<\/td>\n<td class=\"icerik1\" bgcolor=\"#ffffff\" width=\"auto\" height=\"auto\">\u0130stanbul Tic.Sicil Memurlu\u011fu<\/td>\n<\/tr>\n<tr bgcolor=\"#ffffff\">\n<td class=\"icerik1koyu\" bgcolor=\"#ffffff\" width=\"auto\" height=\"auto\">Trade Registry Number<\/td>\n<td class=\"icerik1\" bgcolor=\"#ffffff\" width=\"auto\" height=\"auto\">90556<\/td>\n<\/tr>\n<tr bgcolor=\"#ffffff\">\n<td class=\"icerik1koyu\" bgcolor=\"#ffffff\" width=\"auto\" height=\"auto\">Headquarter<\/td>\n<td class=\"icerik1\" bgcolor=\"#ffffff\" width=\"auto\" height=\"auto\">\u00c7oban\u00e7e\u015fme San. Cd.No:44 NISH istanbul A Blok No:57 34196 Yenibosna\/Bah\u00e7elievler\/\u0130STANBUL<\/td>\n<\/tr>\n<tr bgcolor=\"#ffffff\">\n<td class=\"icerik1koyu\" bgcolor=\"#ffffff\" width=\"auto\" height=\"auto\">Contact Info<\/td>\n<td class=\"icerik1\" bgcolor=\"#ffffff\" width=\"auto\" height=\"auto\">Velik\u00f6y San.B\u00f6lgesi San.Cd No:27\/A Velik\u00f6y\/\u00c7erkezk\u00f6y\/TEK\u0130RDA\u011e<\/td>\n<\/tr>\n<tr bgcolor=\"#ffffff\">\n<td class=\"icerik1koyu\" bgcolor=\"#ffffff\" width=\"auto\" height=\"auto\">Stipulated Capital<\/td>\n<td class=\"icerik1\" bgcolor=\"#ffffff\" width=\"auto\" height=\"auto\">25.000.000 TL<\/td>\n<\/tr>\n<tr bgcolor=\"#ffffff\">\n<td class=\"icerik1koyu\" bgcolor=\"#ffffff\" width=\"auto\" height=\"auto\">Paid in Capital<\/td>\n<td class=\"icerik1\" bgcolor=\"#ffffff\" width=\"auto\" height=\"auto\">25.000.000 TL<\/td>\n<\/tr>\n<tr bgcolor=\"#ffffff\">\n<td class=\"icerik1koyu\" bgcolor=\"#ffffff\" width=\"auto\" height=\"auto\">Registry Date<\/td>\n<td class=\"icerik1\" bgcolor=\"#ffffff\" width=\"auto\" height=\"auto\">23.06.1981<\/td>\n<\/tr>\n<tr bgcolor=\"#ffffff\">\n<td class=\"icerik1koyu\" bgcolor=\"#ffffff\" width=\"auto\" height=\"auto\">Tax Office<\/td>\n<td class=\"icerik1\" bgcolor=\"#ffffff\" width=\"auto\" height=\"auto\">B\u00fcy\u00fck M\u00fckellefler V.D Ba\u015fkanl\u0131\u011f\u0131<\/td>\n<\/tr>\n<tr bgcolor=\"#ffffff\">\n<td class=\"icerik1koyu\" bgcolor=\"#ffffff\" width=\"auto\" height=\"auto\">Tax Identification Number<\/td>\n<td class=\"icerik1\" bgcolor=\"#ffffff\" width=\"auto\" height=\"auto\">689 005 3051<\/td>\n<\/tr>\n<tr bgcolor=\"#ffffff\">\n<td class=\"icerik1koyu\" bgcolor=\"#ffffff\" width=\"auto\" height=\"auto\">Chairman of the Board<\/td>\n<td class=\"icerik1\" bgcolor=\"#ffffff\" width=\"auto\" height=\"auto\">Mustafa \u00d6ZKAZAN\u00c7<\/td>\n<\/tr>\n<tr bgcolor=\"#ffffff\">\n<td class=\"icerik1koyu\" bgcolor=\"#ffffff\" width=\"auto\" height=\"auto\">Vice Chairman of the Board<\/td>\n<td class=\"icerik1\" bgcolor=\"#ffffff\" width=\"auto\" height=\"auto\">Melih \u00d6ZKAZAN\u00c7<\/td>\n<\/tr>\n<\/tbody>\n<\/table>\n<p>[\/vc_column_text][\/vc_column][\/vc_row][vc_row][vc_column][vc_empty_space height=&#8221;100px&#8221;][\/vc_column][\/vc_row][vc_row css=&#8221;.vc_custom_1468182101224{background-color: #092c74 !important;}&#8221;][vc_column][vc_raw_html]JTNDZGl2JTIwaWQlM0QlMjJmb290ZXIlMjIlMjBjbGFzcyUzRCUyMmZvb3Rlci0zJTIyJTNFJTBBJTIwJTIwJTIwJTIwJTIwJTIwJTIwJTIwJTIwJTIwJTIwJTIwJTNDZGl2JTIwY2xhc3MlM0QlMjJjb250YWluZXIlMjIlM0UlMEElMjAlMjAlMjAlMjAlMjAlMjAlMjAlMjAlMjAlMjAlMjAlMjAlMEElMjAlMjAlMjAlMjAlMjAlMjAlMjAlMjAlMjAlMjAlMjAlMjAlMjAlMjAlMjAlMjAlMjAlMjAlMjAlMjAlMjAlMjAlMjAlMjAlMjAlMjAlMjAlMjAlM0NkaXYlMjBjbGFzcyUzRCUyMnJvdyUyMiUzRSUwQSUyMCUyMCUyMCUyMCUyMCUyMCUyMCUyMCUyMCUyMCUyMCUyMCUyMCUyMCUyMCUyMCUyMCUyMCUyMCUyMCUyMCUyMCUyMCUyMCUyMCUyMCUyMCUyMCUyMCUyMCUyMCUyMCUyMCUyMCUyMCUyMCUyMCUyMCUyMCUyMCUyMCUyMCUyMCUyMCUyMCUyMCUyMCUyMCUzQ2RpdiUyMGNsYXNzJTNEJTIyY29sLXNtLTEyJTIyJTNFJTBBJTIwJTIwJTIwJTIwJTIwJTIwJTIwJTIwJTIwJTIwJTIwJTIwJTIwJTIwJTIwJTIwJTIwJTIwJTIwJTIwJTIwJTIwJTIwJTIwJTIwJTIwJTIwJTIwJTIwJTIwJTIwJTIwJTNDYXNpZGUlMjBpZCUzRCUyMmNvbnRhY3QtaW5mby13aWRnZXQtMyUyMiUyMGNsYXNzJTNEJTIyd2lkZ2V0JTIwY29udGFjdC1pbmZvJTIyJTNFJTNDaDMlMjBjbGFzcyUzRCUyMndpZGdldC10aXRsZSUyMiUzRUNvbnRhY3QlMjBJbmZvcm1hdGlvbiUzQyUyRmgzJTNFJTIwJTIwJTIwJTIwJTIwJTIwJTIwJTIwJTNDZGl2JTIwY2xhc3MlM0QlMjJjb250YWN0LWluZm8lMjIlM0UlMEElMjAlMjAlMjAlMjAlMjAlMjAlMjAlMjAlMjAlMjAlMjAlMjAlMjAlMjAlMjAlMjAlMjAlMjAlMjAlMjAlMjAlMjAlMjAlMjAlM0N1bCUyMGNsYXNzJTNEJTIyY29udGFjdC1kZXRhaWxzJTIyJTNFJTBBJTIwJTIwJTIwJTIwJTIwJTIwJTIwJTIwJTIwJTIwJTIwJTIwJTIwJTIwJTIwJTIwJTNDbGklM0UlM0NpJTIwY2xhc3MlM0QlMjJmYSUyMGZhLW1hcC1tYXJrZXIlMjIlM0UlM0MlMkZpJTNFJTIwJTNDc3Ryb25nJTNFQWRkcmVzcyUzQSUzQyUyRnN0cm9uZyUzRSUyMCUzQ3NwYW4lM0VWZWxpayVDMyVCNnklMjBPcmdhbml6ZSUyMFNhbmF5aSUyMEIlQzMlQjZsZ2VzaS1TYW5heWklMjBCdWx2YXIlQzQlQjElMjBObyUzQTI3JTJGQSUyMCUyMDU5NTAwJTIwJTIwJUMzJTg3ZXJrZXprJUMzJUI2eSUyMCUyRiUyMFRla2lyZGElQzQlOUYlMjAlMkYlMjBUJUMzJUJDcmtpeWUlM0MlMkZzcGFuJTNFJTNDJTJGbGklM0UlMjAlMjAlMjAlMjAlMjAlMjAlMjAlMjAlMjAlMjAlMjAlMjAlMjAlMjAlMjAlMjAlM0NsaSUzRSUzQ2klMjBjbGFzcyUzRCUyMmZhJTIwZmEtcGhvbmUlMjIlM0UlM0MlMkZpJTNFJTIwJTNDc3Ryb25nJTNFVGVsJTNBJTNDJTJGc3Ryb25nJTNFJTIwJTNDc3BhbiUzRSUyQjkwJTIwMjgyJTIwNzQ2JTIwMTElMjAyMiUyMCUyOHBieCUyOSUzQyUyRnNwYW4lM0UlM0MlMkZsaSUzRSUyMCUyMCUyMCUyMCUyMCUyMCUyMCUyMCUyMCUyMCUyMCUyMCUyMCUyMCUyMCUyMCUzQ2xpJTNFJTNDaSUyMGNsYXNzJTNEJTIyZmElMjBmYS1lbnZlbG9wZSUyMiUzRSUzQyUyRmklM0UlMjAlM0NzdHJvbmclM0VFLU1haWwlM0ElM0MlMkZzdHJvbmclM0UlMjAlM0NzcGFuJTNFJTNDYSUyMGhyZWYlM0QlMjJtYWlsdG8lM0FleHBvcnQlNDBvemVybWV0YWwuY29tJTIyJTNFZXhwb3J0JTQwb3plcm1ldGFsLmNvbSUzQyUyRmElM0UlM0MlMkZzcGFuJTNFJTNDJTJGbGklM0UlMjAlMjAlMjAlMjAlMjAlMjAlMjAlMjAlMjAlMjAlMjAlMjAlMjAlMjAlMjAlMjAlMjAlMjAlMjAlMjAlMjAlMjAlMjAlMjAlMjAlMjAlMjAlMjAlM0MlMkZ1bCUzRSUwQSUyMCUyMCUyMCUyMCUyMCUyMCUyMCUyMCUyMCUyMCUyMCUyMCUyMCUyMCUyMCUyMCUyMCUyMCUyMCUyMCUzQyUyRmRpdiUzRSUwQSUwQSUyMCUyMCUyMCUyMCUyMCUyMCUyMCUyMCUzQyUyRmFzaWRlJTNFJTIwJTIwJTIwJTIwJTIwJTIwJTIwJTIwJTIwJTIwJTIwJTIwJTIwJTIwJTIwJTIwJTIwJTIwJTIwJTIwJTIwJTIwJTIwJTIwJTIwJTIwJTIwJTIwJTNDJTJGZGl2JTNFJTBBJTIwJTIwJTIwJTIwJTIwJTIwJTIwJTIwJTIwJTIwJTIwJTIwJTIwJTIwJTIwJTIwJTIwJTIwJTIwJTIwJTIwJTIwJTIwJTIwJTIwJTIwJTIwJTIwJTIwJTIwJTIwJTIwJTIwJTIwJTIwJTIwJTIwJTIwJTIwJTIwJTNDJTJGZGl2JTNFJTBBJTIwJTIwJTIwJTIwJTIwJTIwJTIwJTIwJTIwJTIwJTIwJTIwJTBBJTIwJTIwJTIwJTIwJTIwJTIwJTIwJTIwJTIwJTIwJTIwJTIwJTBBJTIwJTIwJTIwJTIwJTIwJTIwJTIwJTIwJTNDJTJGZGl2JTNFJTBBJTIwJTIwJTIwJTIwJTBBJTIwJTIwJTIwJTIwJTIwJTIwJTIwJTIwJTNDZGl2JTIwY2xhc3MlM0QlMjJmb290ZXItYm90dG9tJTIyJTNFJTBBJTIwJTIwJTIwJTIwJTIwJTIwJTIwJTIwJTNDZGl2JTIwY2xhc3MlM0QlMjJjb250YWluZXIlMjIlM0UlMEElMjAlMjAlMjAlMjAlMjAlMjAlMjAlMjAlMjAlMjAlMjAlMjAlM0NkaXYlMjBjbGFzcyUzRCUyMmZvb3Rlci1sZWZ0JTIyJTNFJTBBJTIwJTIwJTIwJTIwJTIwJTIwJTIwJTIwJTIwJTIwJTIwJTIwJTIwJTIwJTIwJTIwJTIwJTIwJTIwJTIwJTIwJTIwJTIwJTIwJTIwJTIwJTIwJTIwJTIwJTIwJTIwJTIwJTIwJTIwJTIwJTIwJTNDc3BhbiUyMGNsYXNzJTNEJTIybG9nbyUyMiUzRSUwQSUyMCUyMCUyMCUyMCUyMCUyMCUyMCUyMCUyMCUyMCUyMCUyMCUyMCUyMCUyMCUyMCUyMCUyMCUyMCUyMCUyMCUyMCUyMCUyMCUzQ2ElMjBocmVmJTNEJTIyaHR0cCUzQSUyRiUyRnd3dy5vemVybWV0YWwuY29tJTJGJTIyJTIwdGl0bGUlM0QlMjIlQzMlOTZ6ZXIlMjBNZXRhbCUyMC0lMjBZb3VyJTIwUGFydG5lciUyMFRvJTIwVGhlJTIwRnV0dXJlJTIyJTIwcmVsJTNEJTIyaG9tZSUyMiUzRSUwQSUyMCUyMCUyMCUyMCUyMCUyMCUyMCUyMCUyMCUyMCUyMCUyMCUyMCUyMCUyMCUyMCUyMCUyMCUyMCUyMCUyMCUyMCUyMCUyMCUyMCUyMCUyMCUyMCUzQ2ltZyUyMGNsYXNzJTNEJTIyaW1nLXJlc3BvbnNpdmUlMjIlMjBzcmMlM0QlMjIlMkYlMkZ3d3cub3plcm1ldGFsLmNvbSUyRndwLWNvbnRlbnQlMkZ1cGxvYWRzJTJGMjAxNiUyRjA0JTJGYWx0LWxvZ28ucG5nJTIyJTIwYWx0JTNEJTIyJUMzJTk2emVyJTIwTWV0YWwlMjIlM0UlMjAlMjAlMjAlMjAlMjAlMjAlMjAlMjAlMjAlMjAlMjAlMjAlMjAlMjAlMjAlMjAlMjAlMjAlMjAlMjAlMjAlMjAlMjAlMjAlM0MlMkZhJTNFJTBBJTIwJTIwJTIwJTIwJTIwJTIwJTIwJTIwJTIwJTIwJTIwJTIwJTIwJTIwJTIwJTIwJTIwJTIwJTIwJTIwJTNDJTJGc3BhbiUzRSUwQSUyMCUyMCUyMCUyMCUyMCUyMCUyMCUyMCUyMCUyMCUyMCUyMCUyMCUyMCUyMCUyMCUyMCUyMCUyMCUyMCUyMCUyMCUyMCUyMCUyMCUyMCUyMCUyMCUyMCUyMCUyMCUyMCVDMiVBOSUyMENvcHlyaWdodCUyMDIwMTYlMjAlQzMlOTZ6ZXIlMjBNZXRhbCUyMFNhbmF5aSUyMEEuJUM1JTlFLiUyMCUzQ3N0cm9uZyUzRVdlYiUyMERlc2lnbiUyMCUzQSUzQyUyRnN0cm9uZyUzRSUyMCUzQ2ElMjBocmVmJTNEJTIyaHR0cHMlM0ElMkYlMkZ3d3cuaG9zdGJhbmthc2kuY29tJTIyJTIwdGFyZ2V0JTNEJTIyX2JsYW5rJTIyJTNFSG9zdCUyMEJhbmthcyVDNCVCMSUzQyUyRmElM0UlMjAlMjAlMjAlMjAlMjAlMjAlMjAlMjAlMjAlMjAlMjAlMjAlM0MlMkZkaXYlM0UlMEElMEElMjAlMjAlMjAlMjAlMjAlMjAlMjAlMjAlMjAlMjAlMjAlMjAlMEElMjAlMjAlMjAlMjAlMjAlMjAlMjAlMjAlMjAlMjAlMjAlMjAlMjAlMjAlMjAlMjAlMjAlMjAlMjAlMjAlMjAlMjAlMjAlMjAlMjAlMjAlMjAlMjAlMjAlMjAlMjAlMjAlM0NkaXYlMjBjbGFzcyUzRCUyMmZvb3Rlci1yaWdodCUyMiUzRSUzQ2FzaWRlJTIwaWQlM0QlMjJmb2xsb3ctdXMtd2lkZ2V0LTMlMjIlMjBjbGFzcyUzRCUyMndpZGdldCUyMGZvbGxvdy11cyUyMiUzRSUyMCUyMCUyMCUyMCUyMCUyMCUyMCUyMCUzQ2RpdiUyMGNsYXNzJTNEJTIyc2hhcmUtbGlua3MlMjIlM0UlMEElMjAlMjAlMjAlMjAlMjAlMjAlMjAlMjAlMjAlMjAlMjAlMjAlMjAlMjAlMjAlMjAlMjAlMjAlMjAlMjAlMjAlMjAlMjAlMjAlM0NhJTIwaHJlZiUzRCUyMiUyMyUyMiUyMHRhcmdldCUzRCUyMl9ibGFuayUyMiUyMGRhdGEtdG9nZ2xlJTNEJTIydG9vbHRpcCUyMiUyMGRhdGEtcGxhY2VtZW50JTNEJTIyYm90dG9tJTIyJTIwdGl0bGUlM0QlMjIlMjIlMjBjbGFzcyUzRCUyMnNoYXJlLWZhY2Vib29rJTIyJTIwZGF0YS1vcmlnaW5hbC10aXRsZSUzRCUyMkZhY2Vib29rJTIyJTNFRmFjZWJvb2slM0MlMkZhJTNFJTNDYSUyMGhyZWYlM0QlMjIlMjMlMjIlMjB0YXJnZXQlM0QlMjJfYmxhbmslMjIlMjBkYXRhLXRvZ2dsZSUzRCUyMnRvb2x0aXAlMjIlMjBkYXRhLXBsYWNlbWVudCUzRCUyMmJvdHRvbSUyMiUyMHRpdGxlJTNEJTIyJTIyJTIwY2xhc3MlM0QlMjJzaGFyZS10d2l0dGVyJTIyJTIwZGF0YS1vcmlnaW5hbC10aXRsZSUzRCUyMlR3aXR0ZXIlMjIlM0VUd2l0dGVyJTNDJTJGYSUzRSUzQ2ElMjBocmVmJTNEJTIyJTIzJTIyJTIwdGFyZ2V0JTNEJTIyX2JsYW5rJTIyJTIwZGF0YS10b2dnbGUlM0QlMjJ0b29sdGlwJTIyJTIwZGF0YS1wbGFjZW1lbnQlM0QlMjJib3R0b20lMjIlMjB0aXRsZSUzRCUyMiUyMiUyMGNsYXNzJTNEJTIyc2hhcmUtbGlua2VkaW4lMjIlMjBkYXRhLW9yaWdpbmFsLXRpdGxlJTNEJTIyTGlua2VkaW4lMjIlM0VMaW5rZWRpbiUzQyUyRmElM0UlMjAlMjAlMjAlMjAlMjAlMjAlMjAlMjAlMjAlMjAlMjAlMjAlMjAlMjAlMjAlMjAlMjAlMjAlMjAlMjAlM0MlMkZkaXYlM0UlMEElMEElMjAlMjAlMjAlMjAlMjAlMjAlMjAlMjAlM0MlMkZhc2lkZSUzRSUzQyUyRmRpdiUzRSUwQSUyMCUyMCUyMCUyMCUyMCUyMCUyMCUyMCUyMCUyMCUyMCUyMCUyMCUyMCUyMCUyMCUyMCUyMCUyMCUyMCUyMCUyMCUyMCUyMCUzQyUyRmRpdiUzRSUwQSUyMCUyMCUyMCUyMCUzQyUyRmRpdiUzRSUwQSUyMCUyMCUyMCUyMCUzQyUyRmRpdiUzRQ==[\/vc_raw_html][\/vc_column][\/vc_row]<\/p>\n","protected":false},"excerpt":{"rendered":"<p>[vc_row css=&#8221;.vc_custom_1468182111569{padding-top: 35px !important;padding-left: 10px !important;}&#8221;][vc_column][vc_column_text] Company Name \u00d6zer Metal Sanayi A.\u015e Trade Registry Office \u0130stanbul Tic.Sicil Memurlu\u011fu Trade Registry Number 90556 Headquarter \u00c7oban\u00e7e\u015fme San. Cd.No:44 NISH istanbul A Blok No:57 34196 Yenibosna\/Bah\u00e7elievler\/\u0130STANBUL Contact Info Velik\u00f6y San.B\u00f6lgesi San.Cd No:27\/A Velik\u00f6y\/\u00c7erkezk\u00f6y\/TEK\u0130RDA\u011e Stipulated Capital 25.000.000 TL Paid in Capital 25.000.000 TL Registry Date 23.06.1981 Tax Office B\u00fcy\u00fck [&hellip;]<\/p>\n","protected":false},"author":2,"featured_media":0,"parent":0,"menu_order":0,"comment_status":"closed","ping_status":"closed","template":"","meta":{"footnotes":""},"class_list":["post-5225","page","type-page","status-publish","hentry"],"_links":{"self":[{"href":"https:\/\/www.ozermetal.com\/en\/wp-json\/wp\/v2\/pages\/5225"}],"collection":[{"href":"https:\/\/www.ozermetal.com\/en\/wp-json\/wp\/v2\/pages"}],"about":[{"href":"https:\/\/www.ozermetal.com\/en\/wp-json\/wp\/v2\/types\/page"}],"author":[{"embeddable":true,"href":"https:\/\/www.ozermetal.com\/en\/wp-json\/wp\/v2\/users\/2"}],"replies":[{"embeddable":true,"href":"https:\/\/www.ozermetal.com\/en\/wp-json\/wp\/v2\/comments?post=5225"}],"version-history":[{"count":16,"href":"https:\/\/www.ozermetal.com\/en\/wp-json\/wp\/v2\/pages\/5225\/revisions"}],"predecessor-version":[{"id":5562,"href":"https:\/\/www.ozermetal.com\/en\/wp-json\/wp\/v2\/pages\/5225\/revisions\/5562"}],"wp:attachment":[{"href":"https:\/\/www.ozermetal.com\/en\/wp-json\/wp\/v2\/media?parent=5225"}],"curies":[{"name":"wp","href":"https:\/\/api.w.org\/{rel}","templated":true}]}}